{"id":3609,"date":"2022-07-29T12:58:58","date_gmt":"2022-07-29T12:58:58","guid":{"rendered":"https:\/\/www.cofrimar.it\/certificazioni\/"},"modified":"2022-10-27T16:04:59","modified_gmt":"2022-10-27T16:04:59","slug":"attestations","status":"publish","type":"page","link":"https:\/\/www.cofrimar.it\/fr\/attestations\/","title":{"rendered":"Attestations"},"content":{"rendered":"\t\t<div data-elementor-type=\"wp-page\" data-elementor-id=\"3609\" class=\"elementor elementor-3609\">\n\t\t\t\t\t\t\t\t\t<section class=\"elementor-section elementor-top-section elementor-element elementor-element-4b31c9b elementor-section-boxed elementor-section-height-default elementor-section-height-default\" data-id=\"4b31c9b\" data-element_type=\"section\" data-settings=\"{&quot;jet_parallax_layout_list&quot;:[]}\">\n\t\t\t\t\t\t<div class=\"elementor-container elementor-column-gap-default\">\n\t\t\t\t\t<div class=\"elementor-column elementor-col-100 elementor-top-column elementor-element elementor-element-4b3a08b\" data-id=\"4b3a08b\" data-element_type=\"column\">\n\t\t\t<div class=\"elementor-widget-wrap elementor-element-populated\">\n\t\t\t\t\t\t\t\t<div class=\"elementor-element elementor-element-b745876 elementor-widget elementor-widget-spacer\" data-id=\"b745876\" data-element_type=\"widget\" data-widget_type=\"spacer.default\">\n\t\t\t\t<div class=\"elementor-widget-container\">\n\t\t\t<style>\/*! elementor - v3.6.8 - 27-07-2022 *\/\n.e-container.e-container--row .elementor-spacer-inner{width:var(--spacer-size)}.e-container.e-container--column .elementor-spacer-inner,.elementor-column .elementor-spacer-inner{height:var(--spacer-size)}<\/style>\t\t<div class=\"elementor-spacer\">\n\t\t\t<div class=\"elementor-spacer-inner\"><\/div>\n\t\t<\/div>\n\t\t\t\t<\/div>\n\t\t\t\t<\/div>\n\t\t\t\t\t<\/div>\n\t\t<\/div>\n\t\t\t\t\t\t\t<\/div>\n\t\t<\/section>\n\t\t\t\t<section class=\"elementor-section elementor-top-section elementor-element elementor-element-2e9f4b9 elementor-section-boxed elementor-section-height-default elementor-section-height-default\" data-id=\"2e9f4b9\" data-element_type=\"section\" data-settings=\"{&quot;jet_parallax_layout_list&quot;:[]}\">\n\t\t\t\t\t\t<div class=\"elementor-container elementor-column-gap-default\">\n\t\t\t\t\t<div class=\"elementor-column elementor-col-50 elementor-top-column elementor-element elementor-element-763e8d4\" data-id=\"763e8d4\" data-element_type=\"column\">\n\t\t\t<div class=\"elementor-widget-wrap elementor-element-populated\">\n\t\t\t\t\t\t\t\t<div class=\"elementor-element elementor-element-7e9ba93 elementor-widget elementor-widget-image\" data-id=\"7e9ba93\" data-element_type=\"widget\" data-widget_type=\"image.default\">\n\t\t\t\t<div class=\"elementor-widget-container\">\n\t\t\t<style>\/*! elementor - v3.6.8 - 27-07-2022 *\/\n.elementor-widget-image{text-align:center}.elementor-widget-image a{display:inline-block}.elementor-widget-image a img[src$=\".svg\"]{width:48px}.elementor-widget-image img{vertical-align:middle;display:inline-block}<\/style>\t\t\t\t\t\t\t\t\t\t\t\t<img width=\"215\" height=\"174\" src=\"https:\/\/www.cofrimar.it\/wp-content\/uploads\/2022\/10\/logo_Cofrimar_certificazioni_2022.jpg\" class=\"attachment-large size-large\" alt=\"\" loading=\"lazy\" \/>\t\t\t\t\t\t\t\t\t\t\t\t\t\t\t<\/div>\n\t\t\t\t<\/div>\n\t\t\t\t\t<\/div>\n\t\t<\/div>\n\t\t\t\t<div class=\"elementor-column elementor-col-50 elementor-top-column elementor-element elementor-element-78bca0f\" data-id=\"78bca0f\" data-element_type=\"column\" data-settings=\"{&quot;background_background&quot;:&quot;classic&quot;}\">\n\t\t\t<div class=\"elementor-widget-wrap elementor-element-populated\">\n\t\t\t\t\t\t\t\t<div class=\"elementor-element elementor-element-2c7223e elementor-widget elementor-widget-heading\" data-id=\"2c7223e\" data-element_type=\"widget\" data-widget_type=\"heading.default\">\n\t\t\t\t<div class=\"elementor-widget-container\">\n\t\t\t<style>\/*! elementor - v3.6.8 - 27-07-2022 *\/\n.elementor-heading-title{padding:0;margin:0;line-height:1}.elementor-widget-heading .elementor-heading-title[class*=elementor-size-]>a{color:inherit;font-size:inherit;line-height:inherit}.elementor-widget-heading .elementor-heading-title.elementor-size-small{font-size:15px}.elementor-widget-heading .elementor-heading-title.elementor-size-medium{font-size:19px}.elementor-widget-heading .elementor-heading-title.elementor-size-large{font-size:29px}.elementor-widget-heading .elementor-heading-title.elementor-size-xl{font-size:39px}.elementor-widget-heading .elementor-heading-title.elementor-size-xxl{font-size:59px}<\/style><h2 class=\"elementor-heading-title elementor-size-default\">Attestations<\/h2>\t\t<\/div>\n\t\t\t\t<\/div>\n\t\t\t\t<div class=\"elementor-element elementor-element-0260478 elementor-widget elementor-widget-text-editor\" data-id=\"0260478\" data-element_type=\"widget\" data-widget_type=\"text-editor.default\">\n\t\t\t\t<div class=\"elementor-widget-container\">\n\t\t\t<style>\/*! elementor - v3.6.8 - 27-07-2022 *\/\n.elementor-widget-text-editor.elementor-drop-cap-view-stacked .elementor-drop-cap{background-color:#818a91;color:#fff}.elementor-widget-text-editor.elementor-drop-cap-view-framed .elementor-drop-cap{color:#818a91;border:3px solid;background-color:transparent}.elementor-widget-text-editor:not(.elementor-drop-cap-view-default) .elementor-drop-cap{margin-top:8px}.elementor-widget-text-editor:not(.elementor-drop-cap-view-default) .elementor-drop-cap-letter{width:1em;height:1em}.elementor-widget-text-editor .elementor-drop-cap{float:left;text-align:center;line-height:1;font-size:50px}.elementor-widget-text-editor .elementor-drop-cap-letter{display:inline-block}<\/style>\t\t\t\t<div class=\"item_fulltext\">\n\n<strong>ISO 9001 \u2013 BIOLOGIQUE (Reg CEE 834\/07 et Reg CEE 889\/08)- REG CEE 1069\/2009 &#8211; CODE ETHIQUE<\/strong>\n\n<strong>ISO 9001:2015<\/strong> Cofrimar a obtenu l\u2019agr\u00e9ment ISO 9001 pour ses deux divisions : alimentaire et petfood.\n<p align=\"right\"><a href=\"\/COFRIMAR-SRL-ISO9001-ENG.zip\">Download PDF<\/a><\/p>\n<strong>BIOLOGIQUE<\/strong> Cofrimar a obtenu l\u2019agr\u00e9ment pour son activit\u00e9 de stockage alimentaire avec la m\u00e9thode bio, conform\u00e9ment aux R\u00e8gs CEE 834\/07, CEE 889\/08 et modifications ult\u00e9rieures.\n\n<p align=\"right\"><a href=\"\/BIO.zip\">Download PDF<\/a><\/p>\n\n<\/div>\t\t\t\t\t\t<\/div>\n\t\t\t\t<\/div>\n\t\t\t\t\t<\/div>\n\t\t<\/div>\n\t\t\t\t\t\t\t<\/div>\n\t\t<\/section>\n\t\t\t\t<section class=\"elementor-section elementor-top-section elementor-element elementor-element-12e81cf elementor-section-boxed elementor-section-height-default elementor-section-height-default\" data-id=\"12e81cf\" data-element_type=\"section\" data-settings=\"{&quot;jet_parallax_layout_list&quot;:[]}\">\n\t\t\t\t\t\t<div class=\"elementor-container elementor-column-gap-default\">\n\t\t\t\t\t<div class=\"elementor-column elementor-col-100 elementor-top-column elementor-element elementor-element-9f3f542\" data-id=\"9f3f542\" data-element_type=\"column\">\n\t\t\t<div class=\"elementor-widget-wrap elementor-element-populated\">\n\t\t\t\t\t\t\t\t<div class=\"elementor-element elementor-element-2ab6c45 elementor-widget elementor-widget-text-editor\" data-id=\"2ab6c45\" data-element_type=\"widget\" data-widget_type=\"text-editor.default\">\n\t\t\t\t<div class=\"elementor-widget-container\">\n\t\t\t\t\t\t\t<div class=\"item_fulltext\"><p><strong>REG CE 1069-2009<\/strong> La division petfood traite les mat\u00e9riels Cat. 3, conform\u00e9ment au R\u00e8glement CEE 1069\/2009.<\/p><p align=\"right\"><a href=\"\/REG-CE.zip\">Download PDF<\/a><\/p><p><strong>CODE ETHIQUE<\/strong> Cofrimar, conscient que le d\u00e9veloppement de la personne est essentiel pour accomplir pleinement sa mission, a adopt\u00e9 un code d&rsquo;\u00e9thique, comme indiqu\u00e9 par le d\u00e9cret-loi 231\/2001. Dans celui-l\u00e0 sont mis en \u00e9vidence le comportement et la responsabilit\u00e9 morale que les gens qui travaillent au nom de Cofrimar comme administrateurs, dirigeants, employ\u00e9s et consultants se sont syst\u00e9matiquement engag\u00e9s \u00e0 respecter.<\/p><p align=\"right\"><a href=\"\/ETHIC_CODE.zip\">Download PDF<\/a><\/p><p><strong>POLITIQUE DE LA QUALITE<\/strong><\/p><p align=\"right\"><a href=\"\/QUALITY-POLICY.zip\">Download PDF<\/a><\/p><\/div>\t\t\t\t\t\t<\/div>\n\t\t\t\t<\/div>\n\t\t\t\t\t<\/div>\n\t\t<\/div>\n\t\t\t\t\t\t\t<\/div>\n\t\t<\/section>\n\t\t\t\t\t\t\t<\/div>\n\t\t","protected":false},"excerpt":{"rendered":"<p>Attestations ISO 9001 \u2013 BIOLOGIQUE (Reg CEE 834\/07 et Reg CEE 889\/08)- REG CEE 1069\/2009 &#8211; CODE ETHIQUE ISO 9001:2015 Cofrimar a obtenu l\u2019agr\u00e9ment ISO 9001 pour ses deux divisions : alimentaire et petfood. Download PDF BIOLOGIQUE Cofrimar a obtenu l\u2019agr\u00e9ment pour son activit\u00e9 de stockage alimentaire avec la m\u00e9thode bio, conform\u00e9ment aux R\u00e8gs CEE [&hellip;]<\/p>\n","protected":false},"author":1,"featured_media":0,"parent":0,"menu_order":0,"comment_status":"closed","ping_status":"closed","template":"page-templates\/fullwidth-content.php","meta":{"_mi_skip_tracking":false,"_themeisle_gutenberg_block_has_review":false},"yoast_head":"<!-- This site is optimized with the Yoast SEO plugin v19.4 - https:\/\/yoast.com\/wordpress\/plugins\/seo\/ -->\n<title>ISO 9001 - BIOLOGIQUE - REG CE 1069-2009 | cofrimar.it<\/title>\n<meta name=\"description\" content=\"Certification ISO 9001 pour les deux divisions : la nourriture et de l&#039;\u00e9levage . La division de l&#039;\u00e9levage est Cat.3 mat\u00e9riau , que le r\u00e8glement CE 1069\/2009\" \/>\n<meta name=\"robots\" content=\"index, follow, max-snippet:-1, max-image-preview:large, max-video-preview:-1\" \/>\n<link rel=\"canonical\" href=\"https:\/\/www.cofrimar.it\/fr\/attestations\/\" \/>\n<meta property=\"og:locale\" content=\"fr_FR\" \/>\n<meta property=\"og:type\" content=\"article\" \/>\n<meta property=\"og:title\" content=\"ISO 9001 - BIOLOGIQUE - REG CE 1069-2009 | cofrimar.it\" \/>\n<meta property=\"og:description\" content=\"Certification ISO 9001 pour les deux divisions : la nourriture et de l&#039;\u00e9levage . La division de l&#039;\u00e9levage est Cat.3 mat\u00e9riau , que le r\u00e8glement CE 1069\/2009\" \/>\n<meta property=\"og:url\" content=\"https:\/\/www.cofrimar.it\/fr\/attestations\/\" \/>\n<meta property=\"og:site_name\" content=\"Cofrimar Srl - Congelamento alimentare e Petfood\" \/>\n<meta property=\"article:modified_time\" content=\"2022-10-27T16:04:59+00:00\" \/>\n<meta property=\"og:image\" content=\"https:\/\/www.cofrimar.it\/wp-content\/uploads\/2022\/10\/logo_Cofrimar_certificazioni_2022.jpg\" \/>\n<meta name=\"twitter:card\" content=\"summary_large_image\" \/>\n<meta name=\"twitter:label1\" content=\"Dur\u00e9e de lecture estim\u00e9e\" \/>\n\t<meta name=\"twitter:data1\" content=\"1 minute\" \/>\n<script type=\"application\/ld+json\" class=\"yoast-schema-graph\">{\"@context\":\"https:\/\/schema.org\",\"@graph\":[{\"@type\":\"Organization\",\"@id\":\"https:\/\/www.cofrimar.it\/#organization\",\"name\":\"Cofrimar Srl - Congelamento alimentare e Petfood\",\"url\":\"https:\/\/www.cofrimar.it\/\",\"sameAs\":[],\"logo\":{\"@type\":\"ImageObject\",\"inLanguage\":\"fr-FR\",\"@id\":\"https:\/\/www.cofrimar.it\/#\/schema\/logo\/image\/\",\"url\":\"https:\/\/www.cofrimar.it\/wp-content\/uploads\/2020\/01\/cropped-logo.png\",\"contentUrl\":\"https:\/\/www.cofrimar.it\/wp-content\/uploads\/2020\/01\/cropped-logo.png\",\"width\":206,\"height\":67,\"caption\":\"Cofrimar Srl - Congelamento alimentare e Petfood\"},\"image\":{\"@id\":\"https:\/\/www.cofrimar.it\/#\/schema\/logo\/image\/\"}},{\"@type\":\"WebSite\",\"@id\":\"https:\/\/www.cofrimar.it\/#website\",\"url\":\"https:\/\/www.cofrimar.it\/\",\"name\":\"Cofrimar Srl - Congelamento alimentare e Petfood\",\"description\":\"\",\"publisher\":{\"@id\":\"https:\/\/www.cofrimar.it\/#organization\"},\"potentialAction\":[{\"@type\":\"SearchAction\",\"target\":{\"@type\":\"EntryPoint\",\"urlTemplate\":\"https:\/\/www.cofrimar.it\/?s={search_term_string}\"},\"query-input\":\"required name=search_term_string\"}],\"inLanguage\":\"fr-FR\"},{\"@type\":\"WebPage\",\"@id\":\"https:\/\/www.cofrimar.it\/fr\/attestations\/\",\"url\":\"https:\/\/www.cofrimar.it\/fr\/attestations\/\",\"name\":\"ISO 9001 - BIOLOGIQUE - REG CE 1069-2009 | cofrimar.it\",\"isPartOf\":{\"@id\":\"https:\/\/www.cofrimar.it\/#website\"},\"datePublished\":\"2022-07-29T12:58:58+00:00\",\"dateModified\":\"2022-10-27T16:04:59+00:00\",\"description\":\"Certification ISO 9001 pour les deux divisions : la nourriture et de l'\u00e9levage . La division de l'\u00e9levage est Cat.3 mat\u00e9riau , que le r\u00e8glement CE 1069\/2009\",\"breadcrumb\":{\"@id\":\"https:\/\/www.cofrimar.it\/fr\/attestations\/#breadcrumb\"},\"inLanguage\":\"fr-FR\",\"potentialAction\":[{\"@type\":\"ReadAction\",\"target\":[\"https:\/\/www.cofrimar.it\/fr\/attestations\/\"]}]},{\"@type\":\"BreadcrumbList\",\"@id\":\"https:\/\/www.cofrimar.it\/fr\/attestations\/#breadcrumb\",\"itemListElement\":[{\"@type\":\"ListItem\",\"position\":1,\"name\":\"Attestations\"}]}]}<\/script>\n<!-- \/ Yoast SEO plugin. -->","yoast_head_json":{"title":"ISO 9001 - BIOLOGIQUE - REG CE 1069-2009 | cofrimar.it","description":"Certification ISO 9001 pour les deux divisions : la nourriture et de l'\u00e9levage . La division de l'\u00e9levage est Cat.3 mat\u00e9riau , que le r\u00e8glement CE 1069\/2009","robots":{"index":"index","follow":"follow","max-snippet":"max-snippet:-1","max-image-preview":"max-image-preview:large","max-video-preview":"max-video-preview:-1"},"canonical":"https:\/\/www.cofrimar.it\/fr\/attestations\/","og_locale":"fr_FR","og_type":"article","og_title":"ISO 9001 - BIOLOGIQUE - REG CE 1069-2009 | cofrimar.it","og_description":"Certification ISO 9001 pour les deux divisions : la nourriture et de l'\u00e9levage . La division de l'\u00e9levage est Cat.3 mat\u00e9riau , que le r\u00e8glement CE 1069\/2009","og_url":"https:\/\/www.cofrimar.it\/fr\/attestations\/","og_site_name":"Cofrimar Srl - Congelamento alimentare e Petfood","article_modified_time":"2022-10-27T16:04:59+00:00","og_image":[{"url":"https:\/\/www.cofrimar.it\/wp-content\/uploads\/2022\/10\/logo_Cofrimar_certificazioni_2022.jpg"}],"twitter_card":"summary_large_image","twitter_misc":{"Dur\u00e9e de lecture estim\u00e9e":"1 minute"},"schema":{"@context":"https:\/\/schema.org","@graph":[{"@type":"Organization","@id":"https:\/\/www.cofrimar.it\/#organization","name":"Cofrimar Srl - Congelamento alimentare e Petfood","url":"https:\/\/www.cofrimar.it\/","sameAs":[],"logo":{"@type":"ImageObject","inLanguage":"fr-FR","@id":"https:\/\/www.cofrimar.it\/#\/schema\/logo\/image\/","url":"https:\/\/www.cofrimar.it\/wp-content\/uploads\/2020\/01\/cropped-logo.png","contentUrl":"https:\/\/www.cofrimar.it\/wp-content\/uploads\/2020\/01\/cropped-logo.png","width":206,"height":67,"caption":"Cofrimar Srl - Congelamento alimentare e Petfood"},"image":{"@id":"https:\/\/www.cofrimar.it\/#\/schema\/logo\/image\/"}},{"@type":"WebSite","@id":"https:\/\/www.cofrimar.it\/#website","url":"https:\/\/www.cofrimar.it\/","name":"Cofrimar Srl - Congelamento alimentare e Petfood","description":"","publisher":{"@id":"https:\/\/www.cofrimar.it\/#organization"},"potentialAction":[{"@type":"SearchAction","target":{"@type":"EntryPoint","urlTemplate":"https:\/\/www.cofrimar.it\/?s={search_term_string}"},"query-input":"required name=search_term_string"}],"inLanguage":"fr-FR"},{"@type":"WebPage","@id":"https:\/\/www.cofrimar.it\/fr\/attestations\/","url":"https:\/\/www.cofrimar.it\/fr\/attestations\/","name":"ISO 9001 - BIOLOGIQUE - REG CE 1069-2009 | cofrimar.it","isPartOf":{"@id":"https:\/\/www.cofrimar.it\/#website"},"datePublished":"2022-07-29T12:58:58+00:00","dateModified":"2022-10-27T16:04:59+00:00","description":"Certification ISO 9001 pour les deux divisions : la nourriture et de l'\u00e9levage . La division de l'\u00e9levage est Cat.3 mat\u00e9riau , que le r\u00e8glement CE 1069\/2009","breadcrumb":{"@id":"https:\/\/www.cofrimar.it\/fr\/attestations\/#breadcrumb"},"inLanguage":"fr-FR","potentialAction":[{"@type":"ReadAction","target":["https:\/\/www.cofrimar.it\/fr\/attestations\/"]}]},{"@type":"BreadcrumbList","@id":"https:\/\/www.cofrimar.it\/fr\/attestations\/#breadcrumb","itemListElement":[{"@type":"ListItem","position":1,"name":"Attestations"}]}]}},"_links":{"self":[{"href":"https:\/\/www.cofrimar.it\/fr\/wp-json\/wp\/v2\/pages\/3609"}],"collection":[{"href":"https:\/\/www.cofrimar.it\/fr\/wp-json\/wp\/v2\/pages"}],"about":[{"href":"https:\/\/www.cofrimar.it\/fr\/wp-json\/wp\/v2\/types\/page"}],"author":[{"embeddable":true,"href":"https:\/\/www.cofrimar.it\/fr\/wp-json\/wp\/v2\/users\/1"}],"replies":[{"embeddable":true,"href":"https:\/\/www.cofrimar.it\/fr\/wp-json\/wp\/v2\/comments?post=3609"}],"version-history":[{"count":41,"href":"https:\/\/www.cofrimar.it\/fr\/wp-json\/wp\/v2\/pages\/3609\/revisions"}],"predecessor-version":[{"id":4376,"href":"https:\/\/www.cofrimar.it\/fr\/wp-json\/wp\/v2\/pages\/3609\/revisions\/4376"}],"wp:attachment":[{"href":"https:\/\/www.cofrimar.it\/fr\/wp-json\/wp\/v2\/media?parent=3609"}],"curies":[{"name":"wp","href":"https:\/\/api.w.org\/{rel}","templated":true}]}}