{"id":3843,"date":"2022-07-29T13:53:39","date_gmt":"2022-07-29T13:53:39","guid":{"rendered":"https:\/\/www.cofrimar.it\/zootecnico\/"},"modified":"2022-08-18T12:52:36","modified_gmt":"2022-08-18T12:52:36","slug":"zootechnik","status":"publish","type":"page","link":"https:\/\/www.cofrimar.it\/de\/zootechnik\/","title":{"rendered":"Zootechnik"},"content":{"rendered":"\t\t<div data-elementor-type=\"wp-page\" data-elementor-id=\"3843\" class=\"elementor elementor-3843\">\n\t\t\t\t\t\t\t\t\t<section class=\"elementor-section elementor-top-section elementor-element elementor-element-bda7800 elementor-section-boxed elementor-section-height-default elementor-section-height-default\" data-id=\"bda7800\" data-element_type=\"section\" data-settings=\"{&quot;jet_parallax_layout_list&quot;:[]}\">\n\t\t\t\t\t\t<div class=\"elementor-container elementor-column-gap-default\">\n\t\t\t\t\t<div class=\"elementor-column elementor-col-100 elementor-top-column elementor-element elementor-element-e653c87\" data-id=\"e653c87\" data-element_type=\"column\">\n\t\t\t<div class=\"elementor-widget-wrap elementor-element-populated\">\n\t\t\t\t\t\t\t\t<div class=\"elementor-element elementor-element-062051f elementor-widget elementor-widget-spacer\" data-id=\"062051f\" data-element_type=\"widget\" data-widget_type=\"spacer.default\">\n\t\t\t\t<div class=\"elementor-widget-container\">\n\t\t\t<style>\/*! elementor - v3.6.8 - 27-07-2022 *\/\n.e-container.e-container--row .elementor-spacer-inner{width:var(--spacer-size)}.e-container.e-container--column .elementor-spacer-inner,.elementor-column .elementor-spacer-inner{height:var(--spacer-size)}<\/style>\t\t<div class=\"elementor-spacer\">\n\t\t\t<div class=\"elementor-spacer-inner\"><\/div>\n\t\t<\/div>\n\t\t\t\t<\/div>\n\t\t\t\t<\/div>\n\t\t\t\t\t<\/div>\n\t\t<\/div>\n\t\t\t\t\t\t\t<\/div>\n\t\t<\/section>\n\t\t\t\t<section class=\"elementor-section elementor-top-section elementor-element elementor-element-f82db92 elementor-section-boxed elementor-section-height-default elementor-section-height-default\" data-id=\"f82db92\" data-element_type=\"section\" data-settings=\"{&quot;jet_parallax_layout_list&quot;:[]}\">\n\t\t\t\t\t\t<div class=\"elementor-container elementor-column-gap-default\">\n\t\t\t\t\t<div class=\"elementor-column elementor-col-50 elementor-top-column elementor-element elementor-element-7bc73d9\" data-id=\"7bc73d9\" data-element_type=\"column\">\n\t\t\t<div class=\"elementor-widget-wrap elementor-element-populated\">\n\t\t\t\t\t\t\t\t<div class=\"elementor-element elementor-element-de6e37e elementor-widget elementor-widget-image\" data-id=\"de6e37e\" data-element_type=\"widget\" data-widget_type=\"image.default\">\n\t\t\t\t<div class=\"elementor-widget-container\">\n\t\t\t<style>\/*! elementor - v3.6.8 - 27-07-2022 *\/\n.elementor-widget-image{text-align:center}.elementor-widget-image a{display:inline-block}.elementor-widget-image a img[src$=\".svg\"]{width:48px}.elementor-widget-image img{vertical-align:middle;display:inline-block}<\/style>\t\t\t\t\t\t\t\t\t\t\t\t<img width=\"500\" height=\"500\" src=\"https:\/\/www.cofrimar.it\/wp-content\/uploads\/2022\/07\/zootecnico_pizze.jpg\" class=\"attachment-large size-large\" alt=\"\" loading=\"lazy\" srcset=\"https:\/\/www.cofrimar.it\/wp-content\/uploads\/2022\/07\/zootecnico_pizze.jpg 500w, https:\/\/www.cofrimar.it\/wp-content\/uploads\/2022\/07\/zootecnico_pizze-300x300.jpg 300w, https:\/\/www.cofrimar.it\/wp-content\/uploads\/2022\/07\/zootecnico_pizze-150x150.jpg 150w, https:\/\/www.cofrimar.it\/wp-content\/uploads\/2022\/07\/zootecnico_pizze-230x230.jpg 230w, https:\/\/www.cofrimar.it\/wp-content\/uploads\/2022\/07\/zootecnico_pizze-400x400.jpg 400w\" sizes=\"(max-width: 500px) 100vw, 500px\" \/>\t\t\t\t\t\t\t\t\t\t\t\t\t\t\t<\/div>\n\t\t\t\t<\/div>\n\t\t\t\t\t<\/div>\n\t\t<\/div>\n\t\t\t\t<div class=\"elementor-column elementor-col-50 elementor-top-column elementor-element elementor-element-f48a01d\" data-id=\"f48a01d\" data-element_type=\"column\">\n\t\t\t<div class=\"elementor-widget-wrap elementor-element-populated\">\n\t\t\t\t\t\t\t\t<div class=\"elementor-element elementor-element-3d75045 elementor-widget elementor-widget-heading\" data-id=\"3d75045\" data-element_type=\"widget\" data-widget_type=\"heading.default\">\n\t\t\t\t<div class=\"elementor-widget-container\">\n\t\t\t<style>\/*! elementor - v3.6.8 - 27-07-2022 *\/\n.elementor-heading-title{padding:0;margin:0;line-height:1}.elementor-widget-heading .elementor-heading-title[class*=elementor-size-]>a{color:inherit;font-size:inherit;line-height:inherit}.elementor-widget-heading .elementor-heading-title.elementor-size-small{font-size:15px}.elementor-widget-heading .elementor-heading-title.elementor-size-medium{font-size:19px}.elementor-widget-heading .elementor-heading-title.elementor-size-large{font-size:29px}.elementor-widget-heading .elementor-heading-title.elementor-size-xl{font-size:39px}.elementor-widget-heading .elementor-heading-title.elementor-size-xxl{font-size:59px}<\/style><h2 class=\"elementor-heading-title elementor-size-default\">ZOOTECHNIK<\/h2>\t\t<\/div>\n\t\t\t\t<\/div>\n\t\t\t\t<div class=\"elementor-element elementor-element-5a0b85b elementor-widget elementor-widget-heading\" data-id=\"5a0b85b\" data-element_type=\"widget\" data-widget_type=\"heading.default\">\n\t\t\t\t<div class=\"elementor-widget-container\">\n\t\t\t<h2 class=\"elementor-heading-title elementor-size-default\">SAMMLUNG, VERARBEITUNG, EINFRIEREN UND PET FOOD-VERSORGUNG<\/h2>\t\t<\/div>\n\t\t\t\t<\/div>\n\t\t\t\t<div class=\"elementor-element elementor-element-2f793f0 elementor-widget elementor-widget-text-editor\" data-id=\"2f793f0\" data-element_type=\"widget\" data-widget_type=\"text-editor.default\">\n\t\t\t\t<div class=\"elementor-widget-container\">\n\t\t\t<style>\/*! elementor - v3.6.8 - 27-07-2022 *\/\n.elementor-widget-text-editor.elementor-drop-cap-view-stacked .elementor-drop-cap{background-color:#818a91;color:#fff}.elementor-widget-text-editor.elementor-drop-cap-view-framed .elementor-drop-cap{color:#818a91;border:3px solid;background-color:transparent}.elementor-widget-text-editor:not(.elementor-drop-cap-view-default) .elementor-drop-cap{margin-top:8px}.elementor-widget-text-editor:not(.elementor-drop-cap-view-default) .elementor-drop-cap-letter{width:1em;height:1em}.elementor-widget-text-editor .elementor-drop-cap{float:left;text-align:center;line-height:1;font-size:50px}.elementor-widget-text-editor .elementor-drop-cap-letter{display:inline-block}<\/style>\t\t\t\t<p>Dal 1983 Cofrimar \u00e8 una grande realt\u00e0 specializzata nella raccolta, lavorazione e congelamento dei sottoprodotti della macellazione per uso zootecnico.<\/p><p>Giornalmente automezzi dedicati ritirano presso macelli ed allevamenti nazionali carni delle specie: suine, bovine, avicole, ovine, ittiche.<\/p><p>Massima attenzione \u00e8 prestata alla qualit\u00e0 della materia prima, il sistema conforme agli standard di tracciabilit\u00e0 e rintracciabilit\u00e0 consente l\u2019identificazione di ogni lotto di prodotto.<\/p><p>Le numerose operazioni di controllo nelle varie fasi di produzione supportate dai dispositivi di metal detector, garantiscono una qualit\u00e0 eccellente del prodotto fornito.<\/p><p>La divisione zootecnica dispone di celle di stoccaggio a bassa temperatura per il deposito dei prodotti in conformit\u00e0 al Reg Cee 1069\/2009 Cat 3.<\/p>\t\t\t\t\t\t<\/div>\n\t\t\t\t<\/div>\n\t\t\t\t\t<\/div>\n\t\t<\/div>\n\t\t\t\t\t\t\t<\/div>\n\t\t<\/section>\n\t\t\t\t<section class=\"elementor-section elementor-top-section elementor-element elementor-element-c0bd4a9 elementor-section-boxed elementor-section-height-default elementor-section-height-default\" data-id=\"c0bd4a9\" data-element_type=\"section\" data-settings=\"{&quot;jet_parallax_layout_list&quot;:[]}\">\n\t\t\t\t\t\t<div class=\"elementor-container elementor-column-gap-default\">\n\t\t\t\t\t<div class=\"elementor-column elementor-col-100 elementor-top-column elementor-element elementor-element-e23efd0\" data-id=\"e23efd0\" data-element_type=\"column\">\n\t\t\t<div class=\"elementor-widget-wrap elementor-element-populated\">\n\t\t\t\t\t\t\t\t<div class=\"elementor-element elementor-element-7e61500 elementor-widget elementor-widget-spacer\" data-id=\"7e61500\" data-element_type=\"widget\" data-widget_type=\"spacer.default\">\n\t\t\t\t<div class=\"elementor-widget-container\">\n\t\t\t\t\t<div class=\"elementor-spacer\">\n\t\t\t<div class=\"elementor-spacer-inner\"><\/div>\n\t\t<\/div>\n\t\t\t\t<\/div>\n\t\t\t\t<\/div>\n\t\t\t\t\t<\/div>\n\t\t<\/div>\n\t\t\t\t\t\t\t<\/div>\n\t\t<\/section>\n\t\t\t\t\t\t\t<\/div>\n\t\t","protected":false},"excerpt":{"rendered":"<p>ZOOTECHNIK SAMMLUNG, VERARBEITUNG, EINFRIEREN UND PET FOOD-VERSORGUNG Dal 1983 Cofrimar \u00e8 una grande realt\u00e0 specializzata nella raccolta, lavorazione e congelamento dei sottoprodotti della macellazione per uso zootecnico. Giornalmente automezzi dedicati ritirano presso macelli ed allevamenti nazionali carni delle specie: suine, bovine, avicole, ovine, ittiche. Massima attenzione \u00e8 prestata alla qualit\u00e0 della materia prima, il sistema [&hellip;]<\/p>\n","protected":false},"author":1,"featured_media":0,"parent":0,"menu_order":0,"comment_status":"closed","ping_status":"closed","template":"page-templates\/fullwidth-content.php","meta":{"_mi_skip_tracking":false,"_themeisle_gutenberg_block_has_review":false},"yoast_head":"<!-- This site is optimized with the Yoast SEO plugin v19.4 - https:\/\/yoast.com\/wordpress\/plugins\/seo\/ -->\n<title>Einsammeln, Verarbeitung, Einfrieren und Versorgung von Tiernahrung | cofrimar.it<\/title>\n<meta name=\"description\" content=\"Seit 1983 ist Cofrimar ein grosses Unternehmen, das auf das Einsammeln, die Verarbeitung und das Einfrieren von Nebenprodukte aus der Schlachtung fuer Viehgebrauch Spezialisiert ist.\" \/>\n<meta name=\"robots\" content=\"index, follow, max-snippet:-1, max-image-preview:large, max-video-preview:-1\" \/>\n<link rel=\"canonical\" href=\"https:\/\/www.cofrimar.it\/de\/zootechnik\/\" \/>\n<meta property=\"og:locale\" content=\"de_DE\" \/>\n<meta property=\"og:type\" content=\"article\" \/>\n<meta property=\"og:title\" content=\"Einsammeln, Verarbeitung, Einfrieren und Versorgung von Tiernahrung | cofrimar.it\" \/>\n<meta property=\"og:description\" content=\"Seit 1983 ist Cofrimar ein grosses Unternehmen, das auf das Einsammeln, die Verarbeitung und das Einfrieren von Nebenprodukte aus der Schlachtung fuer Viehgebrauch Spezialisiert ist.\" \/>\n<meta property=\"og:url\" content=\"https:\/\/www.cofrimar.it\/de\/zootechnik\/\" \/>\n<meta property=\"og:site_name\" content=\"Cofrimar Srl - Congelamento alimentare e Petfood\" \/>\n<meta property=\"article:modified_time\" content=\"2022-08-18T12:52:36+00:00\" \/>\n<meta property=\"og:image\" content=\"https:\/\/www.cofrimar.it\/wp-content\/uploads\/2022\/07\/zootecnico_pizze.jpg\" \/>\n<meta name=\"twitter:card\" content=\"summary_large_image\" \/>\n<meta name=\"twitter:label1\" content=\"Gesch\u00e4tzte Lesezeit\" \/>\n\t<meta name=\"twitter:data1\" content=\"1\u00a0Minute\" \/>\n<script type=\"application\/ld+json\" class=\"yoast-schema-graph\">{\"@context\":\"https:\/\/schema.org\",\"@graph\":[{\"@type\":\"Organization\",\"@id\":\"https:\/\/www.cofrimar.it\/#organization\",\"name\":\"Cofrimar Srl - Congelamento alimentare e Petfood\",\"url\":\"https:\/\/www.cofrimar.it\/\",\"sameAs\":[],\"logo\":{\"@type\":\"ImageObject\",\"inLanguage\":\"de\",\"@id\":\"https:\/\/www.cofrimar.it\/#\/schema\/logo\/image\/\",\"url\":\"https:\/\/www.cofrimar.it\/wp-content\/uploads\/2020\/01\/cropped-logo.png\",\"contentUrl\":\"https:\/\/www.cofrimar.it\/wp-content\/uploads\/2020\/01\/cropped-logo.png\",\"width\":206,\"height\":67,\"caption\":\"Cofrimar Srl - Congelamento alimentare e Petfood\"},\"image\":{\"@id\":\"https:\/\/www.cofrimar.it\/#\/schema\/logo\/image\/\"}},{\"@type\":\"WebSite\",\"@id\":\"https:\/\/www.cofrimar.it\/#website\",\"url\":\"https:\/\/www.cofrimar.it\/\",\"name\":\"Cofrimar Srl - Congelamento alimentare e Petfood\",\"description\":\"\",\"publisher\":{\"@id\":\"https:\/\/www.cofrimar.it\/#organization\"},\"potentialAction\":[{\"@type\":\"SearchAction\",\"target\":{\"@type\":\"EntryPoint\",\"urlTemplate\":\"https:\/\/www.cofrimar.it\/?s={search_term_string}\"},\"query-input\":\"required name=search_term_string\"}],\"inLanguage\":\"de\"},{\"@type\":\"WebPage\",\"@id\":\"https:\/\/www.cofrimar.it\/de\/zootechnik\/\",\"url\":\"https:\/\/www.cofrimar.it\/de\/zootechnik\/\",\"name\":\"Einsammeln, Verarbeitung, Einfrieren und Versorgung von Tiernahrung | cofrimar.it\",\"isPartOf\":{\"@id\":\"https:\/\/www.cofrimar.it\/#website\"},\"datePublished\":\"2022-07-29T13:53:39+00:00\",\"dateModified\":\"2022-08-18T12:52:36+00:00\",\"description\":\"Seit 1983 ist Cofrimar ein grosses Unternehmen, das auf das Einsammeln, die Verarbeitung und das Einfrieren von Nebenprodukte aus der Schlachtung fuer Viehgebrauch Spezialisiert ist.\",\"breadcrumb\":{\"@id\":\"https:\/\/www.cofrimar.it\/de\/zootechnik\/#breadcrumb\"},\"inLanguage\":\"de\",\"potentialAction\":[{\"@type\":\"ReadAction\",\"target\":[\"https:\/\/www.cofrimar.it\/de\/zootechnik\/\"]}]},{\"@type\":\"BreadcrumbList\",\"@id\":\"https:\/\/www.cofrimar.it\/de\/zootechnik\/#breadcrumb\",\"itemListElement\":[{\"@type\":\"ListItem\",\"position\":1,\"name\":\"Zootechnik\"}]}]}<\/script>\n<!-- \/ Yoast SEO plugin. -->","yoast_head_json":{"title":"Einsammeln, Verarbeitung, Einfrieren und Versorgung von Tiernahrung | cofrimar.it","description":"Seit 1983 ist Cofrimar ein grosses Unternehmen, das auf das Einsammeln, die Verarbeitung und das Einfrieren von Nebenprodukte aus der Schlachtung fuer Viehgebrauch Spezialisiert ist.","robots":{"index":"index","follow":"follow","max-snippet":"max-snippet:-1","max-image-preview":"max-image-preview:large","max-video-preview":"max-video-preview:-1"},"canonical":"https:\/\/www.cofrimar.it\/de\/zootechnik\/","og_locale":"de_DE","og_type":"article","og_title":"Einsammeln, Verarbeitung, Einfrieren und Versorgung von Tiernahrung | cofrimar.it","og_description":"Seit 1983 ist Cofrimar ein grosses Unternehmen, das auf das Einsammeln, die Verarbeitung und das Einfrieren von Nebenprodukte aus der Schlachtung fuer Viehgebrauch Spezialisiert ist.","og_url":"https:\/\/www.cofrimar.it\/de\/zootechnik\/","og_site_name":"Cofrimar Srl - Congelamento alimentare e Petfood","article_modified_time":"2022-08-18T12:52:36+00:00","og_image":[{"url":"https:\/\/www.cofrimar.it\/wp-content\/uploads\/2022\/07\/zootecnico_pizze.jpg"}],"twitter_card":"summary_large_image","twitter_misc":{"Gesch\u00e4tzte Lesezeit":"1\u00a0Minute"},"schema":{"@context":"https:\/\/schema.org","@graph":[{"@type":"Organization","@id":"https:\/\/www.cofrimar.it\/#organization","name":"Cofrimar Srl - Congelamento alimentare e Petfood","url":"https:\/\/www.cofrimar.it\/","sameAs":[],"logo":{"@type":"ImageObject","inLanguage":"de","@id":"https:\/\/www.cofrimar.it\/#\/schema\/logo\/image\/","url":"https:\/\/www.cofrimar.it\/wp-content\/uploads\/2020\/01\/cropped-logo.png","contentUrl":"https:\/\/www.cofrimar.it\/wp-content\/uploads\/2020\/01\/cropped-logo.png","width":206,"height":67,"caption":"Cofrimar Srl - Congelamento alimentare e Petfood"},"image":{"@id":"https:\/\/www.cofrimar.it\/#\/schema\/logo\/image\/"}},{"@type":"WebSite","@id":"https:\/\/www.cofrimar.it\/#website","url":"https:\/\/www.cofrimar.it\/","name":"Cofrimar Srl - Congelamento alimentare e Petfood","description":"","publisher":{"@id":"https:\/\/www.cofrimar.it\/#organization"},"potentialAction":[{"@type":"SearchAction","target":{"@type":"EntryPoint","urlTemplate":"https:\/\/www.cofrimar.it\/?s={search_term_string}"},"query-input":"required name=search_term_string"}],"inLanguage":"de"},{"@type":"WebPage","@id":"https:\/\/www.cofrimar.it\/de\/zootechnik\/","url":"https:\/\/www.cofrimar.it\/de\/zootechnik\/","name":"Einsammeln, Verarbeitung, Einfrieren und Versorgung von Tiernahrung | cofrimar.it","isPartOf":{"@id":"https:\/\/www.cofrimar.it\/#website"},"datePublished":"2022-07-29T13:53:39+00:00","dateModified":"2022-08-18T12:52:36+00:00","description":"Seit 1983 ist Cofrimar ein grosses Unternehmen, das auf das Einsammeln, die Verarbeitung und das Einfrieren von Nebenprodukte aus der Schlachtung fuer Viehgebrauch Spezialisiert ist.","breadcrumb":{"@id":"https:\/\/www.cofrimar.it\/de\/zootechnik\/#breadcrumb"},"inLanguage":"de","potentialAction":[{"@type":"ReadAction","target":["https:\/\/www.cofrimar.it\/de\/zootechnik\/"]}]},{"@type":"BreadcrumbList","@id":"https:\/\/www.cofrimar.it\/de\/zootechnik\/#breadcrumb","itemListElement":[{"@type":"ListItem","position":1,"name":"Zootechnik"}]}]}},"_links":{"self":[{"href":"https:\/\/www.cofrimar.it\/de\/wp-json\/wp\/v2\/pages\/3843"}],"collection":[{"href":"https:\/\/www.cofrimar.it\/de\/wp-json\/wp\/v2\/pages"}],"about":[{"href":"https:\/\/www.cofrimar.it\/de\/wp-json\/wp\/v2\/types\/page"}],"author":[{"embeddable":true,"href":"https:\/\/www.cofrimar.it\/de\/wp-json\/wp\/v2\/users\/1"}],"replies":[{"embeddable":true,"href":"https:\/\/www.cofrimar.it\/de\/wp-json\/wp\/v2\/comments?post=3843"}],"version-history":[{"count":8,"href":"https:\/\/www.cofrimar.it\/de\/wp-json\/wp\/v2\/pages\/3843\/revisions"}],"predecessor-version":[{"id":4164,"href":"https:\/\/www.cofrimar.it\/de\/wp-json\/wp\/v2\/pages\/3843\/revisions\/4164"}],"wp:attachment":[{"href":"https:\/\/www.cofrimar.it\/de\/wp-json\/wp\/v2\/media?parent=3843"}],"curies":[{"name":"wp","href":"https:\/\/api.w.org\/{rel}","templated":true}]}}