{"id":3732,"date":"2022-07-29T12:38:15","date_gmt":"2022-07-29T12:38:15","guid":{"rendered":"https:\/\/www.cofrimar.it\/unternehmen\/chi-siamo\/"},"modified":"2022-08-18T12:48:25","modified_gmt":"2022-08-18T12:48:25","slug":"uber-uns","status":"publish","type":"page","link":"https:\/\/www.cofrimar.it\/de\/unternehmen\/uber-uns\/","title":{"rendered":"\u00dcber uns"},"content":{"rendered":"\t\t<div data-elementor-type=\"wp-page\" data-elementor-id=\"3732\" class=\"elementor elementor-3732\">\n\t\t\t\t\t\t\t\t\t<section class=\"elementor-section elementor-top-section elementor-element elementor-element-da770c4 elementor-section-boxed elementor-section-height-default elementor-section-height-default\" data-id=\"da770c4\" data-element_type=\"section\" data-settings=\"{&quot;jet_parallax_layout_list&quot;:[]}\">\n\t\t\t\t\t\t<div class=\"elementor-container elementor-column-gap-default\">\n\t\t\t\t\t<div class=\"elementor-column elementor-col-100 elementor-top-column elementor-element elementor-element-a210a95\" data-id=\"a210a95\" data-element_type=\"column\">\n\t\t\t<div class=\"elementor-widget-wrap elementor-element-populated\">\n\t\t\t\t\t\t\t\t<div class=\"elementor-element elementor-element-a56d152 elementor-widget elementor-widget-spacer\" data-id=\"a56d152\" data-element_type=\"widget\" data-widget_type=\"spacer.default\">\n\t\t\t\t<div class=\"elementor-widget-container\">\n\t\t\t<style>\/*! elementor - v3.6.8 - 27-07-2022 *\/\n.e-container.e-container--row .elementor-spacer-inner{width:var(--spacer-size)}.e-container.e-container--column .elementor-spacer-inner,.elementor-column .elementor-spacer-inner{height:var(--spacer-size)}<\/style>\t\t<div class=\"elementor-spacer\">\n\t\t\t<div class=\"elementor-spacer-inner\"><\/div>\n\t\t<\/div>\n\t\t\t\t<\/div>\n\t\t\t\t<\/div>\n\t\t\t\t\t<\/div>\n\t\t<\/div>\n\t\t\t\t\t\t\t<\/div>\n\t\t<\/section>\n\t\t\t\t<section class=\"elementor-section elementor-top-section elementor-element elementor-element-542f6db elementor-section-boxed elementor-section-height-default elementor-section-height-default\" data-id=\"542f6db\" data-element_type=\"section\" data-settings=\"{&quot;jet_parallax_layout_list&quot;:[]}\">\n\t\t\t\t\t\t<div class=\"elementor-container elementor-column-gap-default\">\n\t\t\t\t\t<div class=\"elementor-column elementor-col-50 elementor-top-column elementor-element elementor-element-47e25e3\" data-id=\"47e25e3\" data-element_type=\"column\">\n\t\t\t<div class=\"elementor-widget-wrap elementor-element-populated\">\n\t\t\t\t\t\t\t\t<div class=\"elementor-element elementor-element-22ab7ad elementor-widget elementor-widget-image\" data-id=\"22ab7ad\" data-element_type=\"widget\" data-widget_type=\"image.default\">\n\t\t\t\t<div class=\"elementor-widget-container\">\n\t\t\t<style>\/*! elementor - v3.6.8 - 27-07-2022 *\/\n.elementor-widget-image{text-align:center}.elementor-widget-image a{display:inline-block}.elementor-widget-image a img[src$=\".svg\"]{width:48px}.elementor-widget-image img{vertical-align:middle;display:inline-block}<\/style>\t\t\t\t\t\t\t\t\t\t\t\t<img width=\"760\" height=\"277\" src=\"https:\/\/www.cofrimar.it\/wp-content\/uploads\/2022\/07\/azienda-colori.jpg\" class=\"attachment-large size-large\" alt=\"\" loading=\"lazy\" srcset=\"https:\/\/www.cofrimar.it\/wp-content\/uploads\/2022\/07\/azienda-colori.jpg 760w, https:\/\/www.cofrimar.it\/wp-content\/uploads\/2022\/07\/azienda-colori-300x109.jpg 300w, https:\/\/www.cofrimar.it\/wp-content\/uploads\/2022\/07\/azienda-colori-600x219.jpg 600w\" sizes=\"(max-width: 760px) 100vw, 760px\" \/>\t\t\t\t\t\t\t\t\t\t\t\t\t\t\t<\/div>\n\t\t\t\t<\/div>\n\t\t\t\t\t<\/div>\n\t\t<\/div>\n\t\t\t\t<div class=\"elementor-column elementor-col-50 elementor-top-column elementor-element elementor-element-93a8152\" data-id=\"93a8152\" data-element_type=\"column\">\n\t\t\t<div class=\"elementor-widget-wrap elementor-element-populated\">\n\t\t\t\t\t\t\t\t<div class=\"elementor-element elementor-element-c4474bd elementor-widget elementor-widget-heading\" data-id=\"c4474bd\" data-element_type=\"widget\" data-widget_type=\"heading.default\">\n\t\t\t\t<div class=\"elementor-widget-container\">\n\t\t\t<style>\/*! elementor - v3.6.8 - 27-07-2022 *\/\n.elementor-heading-title{padding:0;margin:0;line-height:1}.elementor-widget-heading .elementor-heading-title[class*=elementor-size-]>a{color:inherit;font-size:inherit;line-height:inherit}.elementor-widget-heading .elementor-heading-title.elementor-size-small{font-size:15px}.elementor-widget-heading .elementor-heading-title.elementor-size-medium{font-size:19px}.elementor-widget-heading .elementor-heading-title.elementor-size-large{font-size:29px}.elementor-widget-heading .elementor-heading-title.elementor-size-xl{font-size:39px}.elementor-widget-heading .elementor-heading-title.elementor-size-xxl{font-size:59px}<\/style><h2 class=\"elementor-heading-title elementor-size-default\">COFRIMAR<\/h2>\t\t<\/div>\n\t\t\t\t<\/div>\n\t\t\t\t<div class=\"elementor-element elementor-element-972811a elementor-widget elementor-widget-heading\" data-id=\"972811a\" data-element_type=\"widget\" data-widget_type=\"heading.default\">\n\t\t\t\t<div class=\"elementor-widget-container\">\n\t\t\t<h2 class=\"elementor-heading-title elementor-size-default\">DIE K\u00c4LTE im dienste DER LEBENSMITTEL UND pet food<\/h2>\t\t<\/div>\n\t\t\t\t<\/div>\n\t\t\t\t<div class=\"elementor-element elementor-element-dcf1fe9 elementor-widget elementor-widget-text-editor\" data-id=\"dcf1fe9\" data-element_type=\"widget\" data-widget_type=\"text-editor.default\">\n\t\t\t\t<div class=\"elementor-widget-container\">\n\t\t\t<style>\/*! elementor - v3.6.8 - 27-07-2022 *\/\n.elementor-widget-text-editor.elementor-drop-cap-view-stacked .elementor-drop-cap{background-color:#818a91;color:#fff}.elementor-widget-text-editor.elementor-drop-cap-view-framed .elementor-drop-cap{color:#818a91;border:3px solid;background-color:transparent}.elementor-widget-text-editor:not(.elementor-drop-cap-view-default) .elementor-drop-cap{margin-top:8px}.elementor-widget-text-editor:not(.elementor-drop-cap-view-default) .elementor-drop-cap-letter{width:1em;height:1em}.elementor-widget-text-editor .elementor-drop-cap{float:left;text-align:center;line-height:1;font-size:50px}.elementor-widget-text-editor .elementor-drop-cap-letter{display:inline-block}<\/style>\t\t\t\t<p>Das Unternehmen wurde 1983 gegr\u00fcndet und erstreckt sich \u00fcber eine Fl\u00e4che von 11.500 m2, verteilt unter Lebensmittel- und Zootechnik-Abteilung.<\/p><p>Es gibt neun moderne K\u00fchlzellen von insgesamt 15.000 m3.<\/p><p>Eine st\u00e4ndige \u00dcberwachung der Anlagen durch eine innovative Software gew\u00e4hrleistet den Erhalt der Produkte unter maximalen Sicherheitsbedingungen.<\/p>\t\t\t\t\t\t<\/div>\n\t\t\t\t<\/div>\n\t\t\t\t\t<\/div>\n\t\t<\/div>\n\t\t\t\t\t\t\t<\/div>\n\t\t<\/section>\n\t\t\t\t<section class=\"elementor-section elementor-top-section elementor-element elementor-element-c19a29c elementor-section-boxed elementor-section-height-default elementor-section-height-default\" data-id=\"c19a29c\" data-element_type=\"section\" data-settings=\"{&quot;jet_parallax_layout_list&quot;:[]}\">\n\t\t\t\t\t\t<div class=\"elementor-container elementor-column-gap-default\">\n\t\t\t\t\t<div class=\"elementor-column elementor-col-100 elementor-top-column elementor-element elementor-element-7512df3\" data-id=\"7512df3\" data-element_type=\"column\">\n\t\t\t<div class=\"elementor-widget-wrap elementor-element-populated\">\n\t\t\t\t\t\t\t\t<div class=\"elementor-element elementor-element-d90492a elementor-widget elementor-widget-spacer\" data-id=\"d90492a\" data-element_type=\"widget\" data-widget_type=\"spacer.default\">\n\t\t\t\t<div class=\"elementor-widget-container\">\n\t\t\t\t\t<div class=\"elementor-spacer\">\n\t\t\t<div class=\"elementor-spacer-inner\"><\/div>\n\t\t<\/div>\n\t\t\t\t<\/div>\n\t\t\t\t<\/div>\n\t\t\t\t\t<\/div>\n\t\t<\/div>\n\t\t\t\t\t\t\t<\/div>\n\t\t<\/section>\n\t\t\t\t\t\t\t<\/div>\n\t\t","protected":false},"excerpt":{"rendered":"<p>COFRIMAR DIE K\u00c4LTE im dienste DER LEBENSMITTEL UND pet food Das Unternehmen wurde 1983 gegr\u00fcndet und erstreckt sich \u00fcber eine Fl\u00e4che von 11.500 m2, verteilt unter Lebensmittel- und Zootechnik-Abteilung. Es gibt neun moderne K\u00fchlzellen von insgesamt 15.000 m3. Eine st\u00e4ndige \u00dcberwachung der Anlagen durch eine innovative Software gew\u00e4hrleistet den Erhalt der Produkte unter maximalen Sicherheitsbedingungen.<\/p>\n","protected":false},"author":1,"featured_media":0,"parent":3727,"menu_order":0,"comment_status":"closed","ping_status":"closed","template":"page-templates\/fullwidth-content.php","meta":{"_mi_skip_tracking":false,"_themeisle_gutenberg_block_has_review":false},"yoast_head":"<!-- This site is optimized with the Yoast SEO plugin v19.4 - https:\/\/yoast.com\/wordpress\/plugins\/seo\/ -->\n<title>Cofrimar S.r.l. von 1983 | cofrimar.it<\/title>\n<meta name=\"description\" content=\"Eine staendige Ueberwachung der Anlagen durch eine innovatieve Software gew\u00e4hrleistet den Erhalt der Produkte unter Bedingungen maximaler Sicherheit.\" \/>\n<meta name=\"robots\" content=\"index, follow, max-snippet:-1, max-image-preview:large, max-video-preview:-1\" \/>\n<link rel=\"canonical\" href=\"https:\/\/www.cofrimar.it\/de\/unternehmen\/uber-uns\/\" \/>\n<meta property=\"og:locale\" content=\"de_DE\" \/>\n<meta property=\"og:type\" content=\"article\" \/>\n<meta property=\"og:title\" content=\"Cofrimar S.r.l. von 1983 | cofrimar.it\" \/>\n<meta property=\"og:description\" content=\"Eine staendige Ueberwachung der Anlagen durch eine innovatieve Software gew\u00e4hrleistet den Erhalt der Produkte unter Bedingungen maximaler Sicherheit.\" \/>\n<meta property=\"og:url\" content=\"https:\/\/www.cofrimar.it\/de\/unternehmen\/uber-uns\/\" \/>\n<meta property=\"og:site_name\" content=\"Cofrimar Srl - Congelamento alimentare e Petfood\" \/>\n<meta property=\"article:modified_time\" content=\"2022-08-18T12:48:25+00:00\" \/>\n<meta property=\"og:image\" content=\"https:\/\/www.cofrimar.it\/wp-content\/uploads\/2022\/07\/azienda-colori.jpg\" \/>\n<meta name=\"twitter:card\" content=\"summary_large_image\" \/>\n<meta name=\"twitter:label1\" content=\"Gesch\u00e4tzte Lesezeit\" \/>\n\t<meta name=\"twitter:data1\" content=\"1\u00a0Minute\" \/>\n<script type=\"application\/ld+json\" class=\"yoast-schema-graph\">{\"@context\":\"https:\/\/schema.org\",\"@graph\":[{\"@type\":\"Organization\",\"@id\":\"https:\/\/www.cofrimar.it\/#organization\",\"name\":\"Cofrimar Srl - Congelamento alimentare e Petfood\",\"url\":\"https:\/\/www.cofrimar.it\/\",\"sameAs\":[],\"logo\":{\"@type\":\"ImageObject\",\"inLanguage\":\"de\",\"@id\":\"https:\/\/www.cofrimar.it\/#\/schema\/logo\/image\/\",\"url\":\"https:\/\/www.cofrimar.it\/wp-content\/uploads\/2020\/01\/cropped-logo.png\",\"contentUrl\":\"https:\/\/www.cofrimar.it\/wp-content\/uploads\/2020\/01\/cropped-logo.png\",\"width\":206,\"height\":67,\"caption\":\"Cofrimar Srl - Congelamento alimentare e Petfood\"},\"image\":{\"@id\":\"https:\/\/www.cofrimar.it\/#\/schema\/logo\/image\/\"}},{\"@type\":\"WebSite\",\"@id\":\"https:\/\/www.cofrimar.it\/#website\",\"url\":\"https:\/\/www.cofrimar.it\/\",\"name\":\"Cofrimar Srl - Congelamento alimentare e Petfood\",\"description\":\"\",\"publisher\":{\"@id\":\"https:\/\/www.cofrimar.it\/#organization\"},\"potentialAction\":[{\"@type\":\"SearchAction\",\"target\":{\"@type\":\"EntryPoint\",\"urlTemplate\":\"https:\/\/www.cofrimar.it\/?s={search_term_string}\"},\"query-input\":\"required name=search_term_string\"}],\"inLanguage\":\"de\"},{\"@type\":\"WebPage\",\"@id\":\"https:\/\/www.cofrimar.it\/de\/unternehmen\/uber-uns\/\",\"url\":\"https:\/\/www.cofrimar.it\/de\/unternehmen\/uber-uns\/\",\"name\":\"Cofrimar S.r.l. von 1983 | cofrimar.it\",\"isPartOf\":{\"@id\":\"https:\/\/www.cofrimar.it\/#website\"},\"datePublished\":\"2022-07-29T12:38:15+00:00\",\"dateModified\":\"2022-08-18T12:48:25+00:00\",\"description\":\"Eine staendige Ueberwachung der Anlagen durch eine innovatieve Software gew\u00e4hrleistet den Erhalt der Produkte unter Bedingungen maximaler Sicherheit.\",\"breadcrumb\":{\"@id\":\"https:\/\/www.cofrimar.it\/de\/unternehmen\/uber-uns\/#breadcrumb\"},\"inLanguage\":\"de\",\"potentialAction\":[{\"@type\":\"ReadAction\",\"target\":[\"https:\/\/www.cofrimar.it\/de\/unternehmen\/uber-uns\/\"]}]},{\"@type\":\"BreadcrumbList\",\"@id\":\"https:\/\/www.cofrimar.it\/de\/unternehmen\/uber-uns\/#breadcrumb\",\"itemListElement\":[{\"@type\":\"ListItem\",\"position\":1,\"name\":\"Unternehmen\",\"item\":\"https:\/\/www.cofrimar.it\/de\/unternehmen\/\"},{\"@type\":\"ListItem\",\"position\":2,\"name\":\"\u00dcber uns\"}]}]}<\/script>\n<!-- \/ Yoast SEO plugin. -->","yoast_head_json":{"title":"Cofrimar S.r.l. von 1983 | cofrimar.it","description":"Eine staendige Ueberwachung der Anlagen durch eine innovatieve Software gew\u00e4hrleistet den Erhalt der Produkte unter Bedingungen maximaler Sicherheit.","robots":{"index":"index","follow":"follow","max-snippet":"max-snippet:-1","max-image-preview":"max-image-preview:large","max-video-preview":"max-video-preview:-1"},"canonical":"https:\/\/www.cofrimar.it\/de\/unternehmen\/uber-uns\/","og_locale":"de_DE","og_type":"article","og_title":"Cofrimar S.r.l. von 1983 | cofrimar.it","og_description":"Eine staendige Ueberwachung der Anlagen durch eine innovatieve Software gew\u00e4hrleistet den Erhalt der Produkte unter Bedingungen maximaler Sicherheit.","og_url":"https:\/\/www.cofrimar.it\/de\/unternehmen\/uber-uns\/","og_site_name":"Cofrimar Srl - Congelamento alimentare e Petfood","article_modified_time":"2022-08-18T12:48:25+00:00","og_image":[{"url":"https:\/\/www.cofrimar.it\/wp-content\/uploads\/2022\/07\/azienda-colori.jpg"}],"twitter_card":"summary_large_image","twitter_misc":{"Gesch\u00e4tzte Lesezeit":"1\u00a0Minute"},"schema":{"@context":"https:\/\/schema.org","@graph":[{"@type":"Organization","@id":"https:\/\/www.cofrimar.it\/#organization","name":"Cofrimar Srl - Congelamento alimentare e Petfood","url":"https:\/\/www.cofrimar.it\/","sameAs":[],"logo":{"@type":"ImageObject","inLanguage":"de","@id":"https:\/\/www.cofrimar.it\/#\/schema\/logo\/image\/","url":"https:\/\/www.cofrimar.it\/wp-content\/uploads\/2020\/01\/cropped-logo.png","contentUrl":"https:\/\/www.cofrimar.it\/wp-content\/uploads\/2020\/01\/cropped-logo.png","width":206,"height":67,"caption":"Cofrimar Srl - Congelamento alimentare e Petfood"},"image":{"@id":"https:\/\/www.cofrimar.it\/#\/schema\/logo\/image\/"}},{"@type":"WebSite","@id":"https:\/\/www.cofrimar.it\/#website","url":"https:\/\/www.cofrimar.it\/","name":"Cofrimar Srl - Congelamento alimentare e Petfood","description":"","publisher":{"@id":"https:\/\/www.cofrimar.it\/#organization"},"potentialAction":[{"@type":"SearchAction","target":{"@type":"EntryPoint","urlTemplate":"https:\/\/www.cofrimar.it\/?s={search_term_string}"},"query-input":"required name=search_term_string"}],"inLanguage":"de"},{"@type":"WebPage","@id":"https:\/\/www.cofrimar.it\/de\/unternehmen\/uber-uns\/","url":"https:\/\/www.cofrimar.it\/de\/unternehmen\/uber-uns\/","name":"Cofrimar S.r.l. von 1983 | cofrimar.it","isPartOf":{"@id":"https:\/\/www.cofrimar.it\/#website"},"datePublished":"2022-07-29T12:38:15+00:00","dateModified":"2022-08-18T12:48:25+00:00","description":"Eine staendige Ueberwachung der Anlagen durch eine innovatieve Software gew\u00e4hrleistet den Erhalt der Produkte unter Bedingungen maximaler Sicherheit.","breadcrumb":{"@id":"https:\/\/www.cofrimar.it\/de\/unternehmen\/uber-uns\/#breadcrumb"},"inLanguage":"de","potentialAction":[{"@type":"ReadAction","target":["https:\/\/www.cofrimar.it\/de\/unternehmen\/uber-uns\/"]}]},{"@type":"BreadcrumbList","@id":"https:\/\/www.cofrimar.it\/de\/unternehmen\/uber-uns\/#breadcrumb","itemListElement":[{"@type":"ListItem","position":1,"name":"Unternehmen","item":"https:\/\/www.cofrimar.it\/de\/unternehmen\/"},{"@type":"ListItem","position":2,"name":"\u00dcber uns"}]}]}},"_links":{"self":[{"href":"https:\/\/www.cofrimar.it\/de\/wp-json\/wp\/v2\/pages\/3732"}],"collection":[{"href":"https:\/\/www.cofrimar.it\/de\/wp-json\/wp\/v2\/pages"}],"about":[{"href":"https:\/\/www.cofrimar.it\/de\/wp-json\/wp\/v2\/types\/page"}],"author":[{"embeddable":true,"href":"https:\/\/www.cofrimar.it\/de\/wp-json\/wp\/v2\/users\/1"}],"replies":[{"embeddable":true,"href":"https:\/\/www.cofrimar.it\/de\/wp-json\/wp\/v2\/comments?post=3732"}],"version-history":[{"count":5,"href":"https:\/\/www.cofrimar.it\/de\/wp-json\/wp\/v2\/pages\/3732\/revisions"}],"predecessor-version":[{"id":4160,"href":"https:\/\/www.cofrimar.it\/de\/wp-json\/wp\/v2\/pages\/3732\/revisions\/4160"}],"up":[{"embeddable":true,"href":"https:\/\/www.cofrimar.it\/de\/wp-json\/wp\/v2\/pages\/3727"}],"wp:attachment":[{"href":"https:\/\/www.cofrimar.it\/de\/wp-json\/wp\/v2\/media?parent=3732"}],"curies":[{"name":"wp","href":"https:\/\/api.w.org\/{rel}","templated":true}]}}